{"id":8,"date":"2021-10-05T10:01:59","date_gmt":"2021-10-05T08:01:59","guid":{"rendered":"http:\/\/appeldelaforet.bzh\/?page_id=8"},"modified":"2022-04-06T12:39:44","modified_gmt":"2022-04-06T10:39:44","slug":"contact","status":"publish","type":"page","link":"https:\/\/appeldelaforet.bzh\/index.php\/contact\/","title":{"rendered":""},"content":{"rendered":"\t\t<div data-elementor-type=\"wp-page\" data-elementor-id=\"8\" class=\"elementor elementor-8\" data-elementor-settings=\"[]\">\n\t\t\t\t\t\t\t<div class=\"elementor-section-wrap\">\n\t\t\t\t\t\t\t<section class=\"elementor-section elementor-top-section elementor-element elementor-element-84daae9 elementor-section-full_width elementor-section-height-default elementor-section-height-default\" data-id=\"84daae9\" data-element_type=\"section\">\n\t\t\t\t\t\t<div class=\"elementor-container elementor-column-gap-default\">\n\t\t\t\t\t<div class=\"elementor-column elementor-col-100 elementor-top-column elementor-element elementor-element-befc256\" data-id=\"befc256\" data-element_type=\"column\">\n\t\t\t<div class=\"elementor-widget-wrap elementor-element-populated\">\n\t\t\t\t\t\t\t\t<div class=\"elementor-element elementor-element-6f4b9f3 elementor-widget elementor-widget-heading\" data-id=\"6f4b9f3\" data-element_type=\"widget\" data-widget_type=\"heading.default\">\n\t\t\t\t<div class=\"elementor-widget-container\">\n\t\t\t<h1 class=\"elementor-heading-title elementor-size-default\">Contacts<\/h1>\t\t<\/div>\n\t\t\t\t<\/div>\n\t\t\t\t\t<\/div>\n\t\t<\/div>\n\t\t\t\t\t\t\t<\/div>\n\t\t<\/section>\n\t\t\t\t<section class=\"elementor-section elementor-top-section elementor-element elementor-element-6601f035 elementor-section-full_width elementor-section-height-default elementor-section-height-default\" data-id=\"6601f035\" data-element_type=\"section\">\n\t\t\t\t\t\t<div class=\"elementor-container elementor-column-gap-default\">\n\t\t\t\t\t<div class=\"elementor-column elementor-col-100 elementor-top-column elementor-element elementor-element-2671c118\" data-id=\"2671c118\" data-element_type=\"column\">\n\t\t\t<div class=\"elementor-widget-wrap elementor-element-populated\">\n\t\t\t\t\t\t\t\t<div class=\"elementor-element elementor-element-3c9e2d1f elementor-widget elementor-widget-text-editor\" data-id=\"3c9e2d1f\" data-element_type=\"widget\" data-widget_type=\"text-editor.default\">\n\t\t\t\t<div class=\"elementor-widget-container\">\n\t\t\t\t\t\t\t<!-- wp:paragraph -->\n<p>C\u2019est une page avec des informations de contact de base, comme l\u2019adresse et le num\u00e9ro de t\u00e9l\u00e9phone. Vous pouvez aussi essayer une extension pour ajouter un formulaire de contact.<\/p>\n<!-- \/wp:paragraph -->\t\t\t\t\t\t<\/div>\n\t\t\t\t<\/div>\n\t\t\t\t\t<\/div>\n\t\t<\/div>\n\t\t\t\t\t\t\t<\/div>\n\t\t<\/section>\n\t\t\t\t<section class=\"elementor-section elementor-top-section elementor-element elementor-element-7a5fca4 elementor-section-boxed elementor-section-height-default elementor-section-height-default\" data-id=\"7a5fca4\" data-element_type=\"section\">\n\t\t\t\t\t\t<div class=\"elementor-container elementor-column-gap-default\">\n\t\t\t\t\t<div class=\"elementor-column elementor-col-100 elementor-top-column elementor-element elementor-element-f3e1e6f\" data-id=\"f3e1e6f\" data-element_type=\"column\">\n\t\t\t<div class=\"elementor-widget-wrap elementor-element-populated\">\n\t\t\t\t\t\t\t\t<div class=\"elementor-element elementor-element-213cd1e elementor-widget elementor-widget-wpforms\" data-id=\"213cd1e\" data-element_type=\"widget\" data-widget_type=\"wpforms.default\">\n\t\t\t\t<div class=\"elementor-widget-container\">\n\t\t\t<div class=\"wpforms-container wpforms-container-full\" id=\"wpforms-1120\"><form id=\"wpforms-form-1120\" class=\"wpforms-validate wpforms-form wpforms-ajax-form\" data-formid=\"1120\" method=\"post\" enctype=\"multipart\/form-data\" action=\"\/index.php\/wp-json\/wp\/v2\/pages\/8\" data-token=\"2eaa12c6599640bd660bd4dd2097cdc9\"><noscript class=\"wpforms-error-noscript\">Please enable JavaScript in your browser to complete this form.<\/noscript><div class=\"wpforms-field-container\"><div id=\"wpforms-1120-field_0-container\" class=\"wpforms-field wpforms-field-name\" data-field-id=\"0\"><label class=\"wpforms-field-label\" for=\"wpforms-1120-field_0\">Nom <span class=\"wpforms-required-label\">*<\/span><\/label><div class=\"wpforms-field-row wpforms-field-medium\"><div class=\"wpforms-field-row-block wpforms-first wpforms-one-half\"><input type=\"text\" id=\"wpforms-1120-field_0\" class=\"wpforms-field-name-first wpforms-field-required\" name=\"wpforms[fields][0][first]\" required><label for=\"wpforms-1120-field_0\" class=\"wpforms-field-sublabel after \">First<\/label><\/div><div class=\"wpforms-field-row-block wpforms-one-half\"><input type=\"text\" id=\"wpforms-1120-field_0-last\" class=\"wpforms-field-name-last wpforms-field-required\" name=\"wpforms[fields][0][last]\" required><label for=\"wpforms-1120-field_0-last\" class=\"wpforms-field-sublabel after \">Last<\/label><\/div><\/div><\/div><div id=\"wpforms-1120-field_1-container\" class=\"wpforms-field wpforms-field-email\" data-field-id=\"1\"><label class=\"wpforms-field-label\" for=\"wpforms-1120-field_1\">Email <span class=\"wpforms-required-label\">*<\/span><\/label><input type=\"email\" id=\"wpforms-1120-field_1\" class=\"wpforms-field-medium wpforms-field-required\" name=\"wpforms[fields][1]\" required><\/div><div id=\"wpforms-1120-field_5-container\" class=\"wpforms-field wpforms-field-text\" data-field-id=\"5\"><label class=\"wpforms-field-label\" for=\"wpforms-1120-field_5\">Sujet<\/label><input type=\"text\" id=\"wpforms-1120-field_5\" class=\"wpforms-field-medium\" name=\"wpforms[fields][5]\" ><\/div><div id=\"wpforms-1120-field_2-container\" class=\"wpforms-field wpforms-field-textarea\" data-field-id=\"2\"><label class=\"wpforms-field-label\" for=\"wpforms-1120-field_2\">Message<\/label><textarea id=\"wpforms-1120-field_2\" class=\"wpforms-field-medium\" name=\"wpforms[fields][2]\" ><\/textarea><\/div><\/div><div class=\"wpforms-submit-container\"><input type=\"hidden\" name=\"wpforms[id]\" value=\"1120\"><input type=\"hidden\" name=\"wpforms[author]\" value=\"1\"><button type=\"submit\" name=\"wpforms[submit]\" id=\"wpforms-submit-1120\" class=\"wpforms-submit\" data-alt-text=\"Sending...\" data-submit-text=\"Submit\" aria-live=\"assertive\" value=\"wpforms-submit\">Submit<\/button><img loading=\"lazy\" src=\"https:\/\/appeldelaforet.bzh\/wp-content\/plugins\/wpforms\/assets\/images\/submit-spin.svg\" class=\"wpforms-submit-spinner\" style=\"display: none;\" width=\"26\" height=\"26\" alt=\"\"><\/div><\/form><\/div>  <!-- .wpforms-container -->\t\t<\/div>\n\t\t\t\t<\/div>\n\t\t\t\t\t<\/div>\n\t\t<\/div>\n\t\t\t\t\t\t\t<\/div>\n\t\t<\/section>\n\t\t\t\t<section class=\"elementor-section elementor-top-section elementor-element elementor-element-b7ddeca elementor-section-full_width elementor-section-height-default elementor-section-height-default\" data-id=\"b7ddeca\" data-element_type=\"section\">\n\t\t\t\t\t\t<div class=\"elementor-container elementor-column-gap-default\">\n\t\t\t\t\t<div class=\"elementor-column elementor-col-100 elementor-top-column elementor-element elementor-element-10b0d9c\" data-id=\"10b0d9c\" data-element_type=\"column\">\n\t\t\t<div class=\"elementor-widget-wrap elementor-element-populated\">\n\t\t\t\t\t\t\t\t<div class=\"elementor-element elementor-element-9b0d7fa e-grid-align-left elementor-shape-circle elementor-grid-0 elementor-widget elementor-widget-social-icons\" data-id=\"9b0d7fa\" data-element_type=\"widget\" data-widget_type=\"social-icons.default\">\n\t\t\t\t<div class=\"elementor-widget-container\">\n\t\t\t\t\t<div class=\"elementor-social-icons-wrapper elementor-grid\">\n\t\t\t\t\t\t\t<span class=\"elementor-grid-item\">\n\t\t\t\t\t<a class=\"elementor-icon elementor-social-icon elementor-social-icon-facebook elementor-repeater-item-642dda4\" target=\"_blank\">\n\t\t\t\t\t\t<span class=\"elementor-screen-only\">Facebook<\/span>\n\t\t\t\t\t\t<i class=\"fab fa-facebook\"><\/i>\t\t\t\t\t<\/a>\n\t\t\t\t<\/span>\n\t\t\t\t\t\t\t<span class=\"elementor-grid-item\">\n\t\t\t\t\t<a class=\"elementor-icon elementor-social-icon elementor-social-icon-instagram elementor-repeater-item-b665de9\" target=\"_blank\">\n\t\t\t\t\t\t<span class=\"elementor-screen-only\">Instagram<\/span>\n\t\t\t\t\t\t<i class=\"fab fa-instagram\"><\/i>\t\t\t\t\t<\/a>\n\t\t\t\t<\/span>\n\t\t\t\t\t\t\t<span class=\"elementor-grid-item\">\n\t\t\t\t\t<a class=\"elementor-icon elementor-social-icon elementor-social-icon-envelope elementor-repeater-item-50ccbdb\" target=\"_blank\">\n\t\t\t\t\t\t<span class=\"elementor-screen-only\">Envelope<\/span>\n\t\t\t\t\t\t<i class=\"fas fa-envelope\"><\/i>\t\t\t\t\t<\/a>\n\t\t\t\t<\/span>\n\t\t\t\t\t<\/div>\n\t\t\t\t<\/div>\n\t\t\t\t<\/div>\n\t\t\t\t\t<\/div>\n\t\t<\/div>\n\t\t\t\t\t\t\t<\/div>\n\t\t<\/section>\n\t\t\t\t<section class=\"elementor-section elementor-top-section elementor-element elementor-element-4a9844d elementor-section-full_width elementor-section-height-default elementor-section-height-default\" data-id=\"4a9844d\" data-element_type=\"section\">\n\t\t\t\t\t\t<div class=\"elementor-container elementor-column-gap-default\">\n\t\t\t\t\t<div class=\"elementor-column elementor-col-100 elementor-top-column elementor-element elementor-element-e59cc4e\" data-id=\"e59cc4e\" data-element_type=\"column\">\n\t\t\t<div class=\"elementor-widget-wrap elementor-element-populated\">\n\t\t\t\t\t\t\t\t<div class=\"elementor-element elementor-element-275692a elementor-widget elementor-widget-heading\" data-id=\"275692a\" data-element_type=\"widget\" data-widget_type=\"heading.default\">\n\t\t\t\t<div class=\"elementor-widget-container\">\n\t\t\t<h2 class=\"elementor-heading-title elementor-size-default\">Retrouvez-nous<\/h2>\t\t<\/div>\n\t\t\t\t<\/div>\n\t\t\t\t\t<\/div>\n\t\t<\/div>\n\t\t\t\t\t\t\t<\/div>\n\t\t<\/section>\n\t\t\t\t<section class=\"elementor-section elementor-top-section elementor-element elementor-element-d47c335 elementor-section-full_width elementor-section-height-default elementor-section-height-default\" data-id=\"d47c335\" data-element_type=\"section\">\n\t\t\t\t\t\t<div class=\"elementor-container elementor-column-gap-default\">\n\t\t\t\t\t<div class=\"elementor-column elementor-col-100 elementor-top-column elementor-element elementor-element-c087336\" data-id=\"c087336\" data-element_type=\"column\">\n\t\t\t<div class=\"elementor-widget-wrap elementor-element-populated\">\n\t\t\t\t\t\t\t\t<div class=\"elementor-element elementor-element-c5619a5 elementor-widget elementor-widget-text-editor\" data-id=\"c5619a5\" data-element_type=\"widget\" data-widget_type=\"text-editor.default\">\n\t\t\t\t<div class=\"elementor-widget-container\">\n\t\t\t\t\t\t\t<p>280 Route de Sainte &#8211; Foix<\/p>\n<div>35 000 Rennes<\/div>\t\t\t\t\t\t<\/div>\n\t\t\t\t<\/div>\n\t\t\t\t\t<\/div>\n\t\t<\/div>\n\t\t\t\t\t\t\t<\/div>\n\t\t<\/section>\n\t\t\t\t<section class=\"elementor-section elementor-top-section elementor-element elementor-element-b680816 elementor-section-full_width elementor-section-height-default elementor-section-height-default\" data-id=\"b680816\" data-element_type=\"section\">\n\t\t\t\t\t\t<div class=\"elementor-container elementor-column-gap-default\">\n\t\t\t\t\t<div class=\"elementor-column elementor-col-100 elementor-top-column elementor-element elementor-element-2fac064\" data-id=\"2fac064\" data-element_type=\"column\">\n\t\t\t<div class=\"elementor-widget-wrap elementor-element-populated\">\n\t\t\t\t\t\t\t\t<div class=\"elementor-element elementor-element-2342d77 elementor-widget elementor-widget-image\" data-id=\"2342d77\" data-element_type=\"widget\" data-widget_type=\"image.default\">\n\t\t\t\t<div class=\"elementor-widget-container\">\n\t\t\t\t\t\t\t\t\t\t\t\t\t\t\t<img width=\"744\" height=\"165\" src=\"https:\/\/appeldelaforet.bzh\/wp-content\/uploads\/2022\/04\/bande-logo.png\" class=\"attachment-1536x1536 size-1536x1536\" alt=\"\" loading=\"lazy\" srcset=\"https:\/\/appeldelaforet.bzh\/wp-content\/uploads\/2022\/04\/bande-logo.png 744w, https:\/\/appeldelaforet.bzh\/wp-content\/uploads\/2022\/04\/bande-logo-300x67.png 300w\" sizes=\"(max-width: 744px) 100vw, 744px\" \/>\t\t\t\t\t\t\t\t\t\t\t\t\t\t\t<\/div>\n\t\t\t\t<\/div>\n\t\t\t\t\t<\/div>\n\t\t<\/div>\n\t\t\t\t\t\t\t<\/div>\n\t\t<\/section>\n\t\t\t\t\t\t<\/div>\n\t\t\t\t\t<\/div>\n\t\t","protected":false},"excerpt":{"rendered":"<p>Contacts C\u2019est une page avec des informations de contact de base, comme l\u2019adresse et le num\u00e9ro de t\u00e9l\u00e9phone. Vous pouvez aussi essayer une extension pour ajouter un formulaire de contact. Facebook Instagram Envelope Retrouvez-nous 280 Route de Sainte &#8211; Foix 35 000 Rennes<\/p>\n","protected":false},"author":1,"featured_media":0,"parent":0,"menu_order":0,"comment_status":"closed","ping_status":"closed","template":"elementor_header_footer","meta":[],"yoast_head":"<!-- This site is optimized with the Yoast SEO plugin v17.3 - https:\/\/yoast.com\/wordpress\/plugins\/seo\/ -->\n<title>- L&#039;APPEL DE LA FOR\u00caT<\/title>\n<meta name=\"robots\" content=\"index, follow, max-snippet:-1, max-image-preview:large, max-video-preview:-1\" \/>\n<link rel=\"canonical\" href=\"https:\/\/appeldelaforet.bzh\/index.php\/contact\/\" \/>\n<meta property=\"og:locale\" content=\"en_US\" \/>\n<meta property=\"og:type\" content=\"article\" \/>\n<meta property=\"og:title\" content=\"- L&#039;APPEL DE LA FOR\u00caT\" \/>\n<meta property=\"og:description\" content=\"Contacts C\u2019est une page avec des informations de contact de base, comme l\u2019adresse et le num\u00e9ro de t\u00e9l\u00e9phone. Vous pouvez aussi essayer une extension pour ajouter un formulaire de contact. Facebook Instagram Envelope Retrouvez-nous 280 Route de Sainte &#8211; Foix 35 000 Rennes\" \/>\n<meta property=\"og:url\" content=\"https:\/\/appeldelaforet.bzh\/index.php\/contact\/\" \/>\n<meta property=\"og:site_name\" content=\"L&#039;APPEL DE LA FOR\u00caT\" \/>\n<meta property=\"article:modified_time\" content=\"2022-04-06T10:39:44+00:00\" \/>\n<meta property=\"og:image\" content=\"http:\/\/appeldelaforet.bzh\/wp-content\/uploads\/2022\/04\/bande-logo.png\" \/>\n<meta name=\"twitter:card\" content=\"summary_large_image\" \/>\n<meta name=\"twitter:label1\" content=\"Est. reading time\" \/>\n\t<meta name=\"twitter:data1\" content=\"1 minute\" \/>\n<script type=\"application\/ld+json\" class=\"yoast-schema-graph\">{\"@context\":\"https:\/\/schema.org\",\"@graph\":[{\"@type\":\"WebSite\",\"@id\":\"https:\/\/appeldelaforet.bzh\/#website\",\"url\":\"https:\/\/appeldelaforet.bzh\/\",\"name\":\"L&#039;APPEL DE LA FOR\\u00caT\",\"description\":\"\",\"potentialAction\":[{\"@type\":\"SearchAction\",\"target\":{\"@type\":\"EntryPoint\",\"urlTemplate\":\"https:\/\/appeldelaforet.bzh\/?s={search_term_string}\"},\"query-input\":\"required name=search_term_string\"}],\"inLanguage\":\"en-US\"},{\"@type\":\"ImageObject\",\"@id\":\"https:\/\/appeldelaforet.bzh\/index.php\/contact\/#primaryimage\",\"inLanguage\":\"en-US\",\"url\":\"http:\/\/appeldelaforet.bzh\/wp-content\/uploads\/2022\/04\/bande-logo.png\",\"contentUrl\":\"http:\/\/appeldelaforet.bzh\/wp-content\/uploads\/2022\/04\/bande-logo.png\"},{\"@type\":\"WebPage\",\"@id\":\"https:\/\/appeldelaforet.bzh\/index.php\/contact\/#webpage\",\"url\":\"https:\/\/appeldelaforet.bzh\/index.php\/contact\/\",\"name\":\"- L&#039;APPEL DE LA FOR\\u00caT\",\"isPartOf\":{\"@id\":\"https:\/\/appeldelaforet.bzh\/#website\"},\"primaryImageOfPage\":{\"@id\":\"https:\/\/appeldelaforet.bzh\/index.php\/contact\/#primaryimage\"},\"datePublished\":\"2021-10-05T08:01:59+00:00\",\"dateModified\":\"2022-04-06T10:39:44+00:00\",\"breadcrumb\":{\"@id\":\"https:\/\/appeldelaforet.bzh\/index.php\/contact\/#breadcrumb\"},\"inLanguage\":\"en-US\",\"potentialAction\":[{\"@type\":\"ReadAction\",\"target\":[\"https:\/\/appeldelaforet.bzh\/index.php\/contact\/\"]}]},{\"@type\":\"BreadcrumbList\",\"@id\":\"https:\/\/appeldelaforet.bzh\/index.php\/contact\/#breadcrumb\",\"itemListElement\":[{\"@type\":\"ListItem\",\"position\":1,\"name\":\"Accueil\",\"item\":\"https:\/\/appeldelaforet.bzh\/\"},{\"@type\":\"ListItem\",\"position\":2,\"name\":\"\"}]}]}<\/script>\n<!-- \/ Yoast SEO plugin. -->","yoast_head_json":{"title":"- L&#039;APPEL DE LA FOR\u00caT","robots":{"index":"index","follow":"follow","max-snippet":"max-snippet:-1","max-image-preview":"max-image-preview:large","max-video-preview":"max-video-preview:-1"},"canonical":"https:\/\/appeldelaforet.bzh\/index.php\/contact\/","og_locale":"en_US","og_type":"article","og_title":"- L&#039;APPEL DE LA FOR\u00caT","og_description":"Contacts C\u2019est une page avec des informations de contact de base, comme l\u2019adresse et le num\u00e9ro de t\u00e9l\u00e9phone. Vous pouvez aussi essayer une extension pour ajouter un formulaire de contact. Facebook Instagram Envelope Retrouvez-nous 280 Route de Sainte &#8211; Foix 35 000 Rennes","og_url":"https:\/\/appeldelaforet.bzh\/index.php\/contact\/","og_site_name":"L&#039;APPEL DE LA FOR\u00caT","article_modified_time":"2022-04-06T10:39:44+00:00","og_image":[{"url":"http:\/\/appeldelaforet.bzh\/wp-content\/uploads\/2022\/04\/bande-logo.png"}],"twitter_card":"summary_large_image","twitter_misc":{"Est. reading time":"1 minute"},"schema":{"@context":"https:\/\/schema.org","@graph":[{"@type":"WebSite","@id":"https:\/\/appeldelaforet.bzh\/#website","url":"https:\/\/appeldelaforet.bzh\/","name":"L&#039;APPEL DE LA FOR\u00caT","description":"","potentialAction":[{"@type":"SearchAction","target":{"@type":"EntryPoint","urlTemplate":"https:\/\/appeldelaforet.bzh\/?s={search_term_string}"},"query-input":"required name=search_term_string"}],"inLanguage":"en-US"},{"@type":"ImageObject","@id":"https:\/\/appeldelaforet.bzh\/index.php\/contact\/#primaryimage","inLanguage":"en-US","url":"http:\/\/appeldelaforet.bzh\/wp-content\/uploads\/2022\/04\/bande-logo.png","contentUrl":"http:\/\/appeldelaforet.bzh\/wp-content\/uploads\/2022\/04\/bande-logo.png"},{"@type":"WebPage","@id":"https:\/\/appeldelaforet.bzh\/index.php\/contact\/#webpage","url":"https:\/\/appeldelaforet.bzh\/index.php\/contact\/","name":"- L&#039;APPEL DE LA FOR\u00caT","isPartOf":{"@id":"https:\/\/appeldelaforet.bzh\/#website"},"primaryImageOfPage":{"@id":"https:\/\/appeldelaforet.bzh\/index.php\/contact\/#primaryimage"},"datePublished":"2021-10-05T08:01:59+00:00","dateModified":"2022-04-06T10:39:44+00:00","breadcrumb":{"@id":"https:\/\/appeldelaforet.bzh\/index.php\/contact\/#breadcrumb"},"inLanguage":"en-US","potentialAction":[{"@type":"ReadAction","target":["https:\/\/appeldelaforet.bzh\/index.php\/contact\/"]}]},{"@type":"BreadcrumbList","@id":"https:\/\/appeldelaforet.bzh\/index.php\/contact\/#breadcrumb","itemListElement":[{"@type":"ListItem","position":1,"name":"Accueil","item":"https:\/\/appeldelaforet.bzh\/"},{"@type":"ListItem","position":2,"name":""}]}]}},"_links":{"self":[{"href":"https:\/\/appeldelaforet.bzh\/index.php\/wp-json\/wp\/v2\/pages\/8"}],"collection":[{"href":"https:\/\/appeldelaforet.bzh\/index.php\/wp-json\/wp\/v2\/pages"}],"about":[{"href":"https:\/\/appeldelaforet.bzh\/index.php\/wp-json\/wp\/v2\/types\/page"}],"author":[{"embeddable":true,"href":"https:\/\/appeldelaforet.bzh\/index.php\/wp-json\/wp\/v2\/users\/1"}],"replies":[{"embeddable":true,"href":"https:\/\/appeldelaforet.bzh\/index.php\/wp-json\/wp\/v2\/comments?post=8"}],"version-history":[{"count":18,"href":"https:\/\/appeldelaforet.bzh\/index.php\/wp-json\/wp\/v2\/pages\/8\/revisions"}],"predecessor-version":[{"id":1141,"href":"https:\/\/appeldelaforet.bzh\/index.php\/wp-json\/wp\/v2\/pages\/8\/revisions\/1141"}],"wp:attachment":[{"href":"https:\/\/appeldelaforet.bzh\/index.php\/wp-json\/wp\/v2\/media?parent=8"}],"curies":[{"name":"wp","href":"https:\/\/api.w.org\/{rel}","templated":true}]}}